{"id":3771,"date":"2025-10-21T13:40:32","date_gmt":"2025-10-21T11:40:32","guid":{"rendered":"https:\/\/wppruebas.i3a.es\/?page_id=3771"},"modified":"2025-12-17T15:12:16","modified_gmt":"2025-12-17T13:12:16","slug":"thesis","status":"publish","type":"page","link":"https:\/\/wppruebas.i3a.es\/es\/thesis\/","title":{"rendered":"Theses"},"content":{"rendered":"<div id=\"pl-gb3771-6a00992d35799\"  class=\"panel-layout\" ><div id=\"pg-gb3771-6a00992d35799-0\"  class=\"panel-grid panel-has-style\" ><div class=\"siteorigin-panels-stretch panel-row-style panel-row-style-for-gb3771-6a00992d35799-0\" data-stretch-type=\"full-width-stretch\" ><div id=\"pgc-gb3771-6a00992d35799-0-0\"  class=\"panel-grid-cell\" ><div id=\"panel-gb3771-6a00992d35799-0-0-0\" class=\"so-panel widget widget_sow-hero panel-first-child panel-last-child\" data-index=\"0\" ><div\n\t\t\t\n\t\t\tclass=\"so-widget-sow-hero so-widget-sow-hero-default-7a011a7c0fd5-3771 so-widget-fittext-wrapper\"\n\t\t\t data-fit-text-compressor=\"0.85\"\n\t\t>\t\t\t\t<div class=\"sow-slider-base\" style=\"display: none\" tabindex=\"0\">\n\t\t\t\t\t<ul\n\t\t\t\t\tclass=\"sow-slider-images\"\n\t\t\t\t\tdata-settings=\"{&quot;pagination&quot;:true,&quot;speed&quot;:400,&quot;timeout&quot;:8000,&quot;paused&quot;:false,&quot;pause_on_hover&quot;:false,&quot;swipe&quot;:true,&quot;nav_always_show_desktop&quot;:&quot;&quot;,&quot;nav_always_show_mobile&quot;:&quot;&quot;,&quot;breakpoint&quot;:&quot;780px&quot;,&quot;unmute&quot;:false,&quot;anchor&quot;:null}\"\n\t\t\t\t\t\t\t\t\t\tdata-anchor-id=\"\"\n\t\t\t\t>\t\t<li class=\"sow-slider-image\" style=\"visibility: visible;;background-color: #1e73be\" >\n\t\t\t\t\t<div class=\"sow-slider-image-container\">\n\t\t\t<div class=\"sow-slider-image-wrapper\">\n\t\t\t\t<h1 style=\"text-align: center\"><strong>Theses<\/strong><\/h1>\t\t\t<\/div>\n\t\t<\/div>\n\t\t\t\t<\/li>\n\t\t<\/ul>\t\t\t\t<ol class=\"sow-slider-pagination\">\n\t\t\t\t\t\t\t\t\t\t\t<li><a href=\"#\" data-goto=\"0\" aria-label=\"mostrar diapositiva 1\"><\/a><\/li>\n\t\t\t\t\t\t\t\t\t<\/ol>\n\n\t\t\t\t<div class=\"sow-slide-nav sow-slide-nav-next\">\n\t\t\t\t\t<a href=\"#\" data-goto=\"next\" aria-label=\"diapositiva siguiente\" data-action=\"next\">\n\t\t\t\t\t\t<em class=\"sow-sld-icon-thin-right\"><\/em>\n\t\t\t\t\t<\/a>\n\t\t\t\t<\/div>\n\n\t\t\t\t<div class=\"sow-slide-nav sow-slide-nav-prev\">\n\t\t\t\t\t<a href=\"#\" data-goto=\"previous\" aria-label=\"diapositiva anterior\" data-action=\"prev\">\n\t\t\t\t\t\t<em class=\"sow-sld-icon-thin-left\"><\/em>\n\t\t\t\t\t<\/a>\n\t\t\t\t<\/div>\n\t\t\t\t<\/div><\/div><\/div><\/div><\/div><\/div><div id=\"pg-gb3771-6a00992d35799-1\"  class=\"panel-grid panel-no-style\" ><div id=\"pgc-gb3771-6a00992d35799-1-0\"  class=\"panel-grid-cell\" ><div id=\"panel-gb3771-6a00992d35799-1-0-0\" class=\"so-panel widget widget_sow-editor panel-first-child panel-last-child\" data-index=\"1\" ><div\n\t\t\t\n\t\t\tclass=\"so-widget-sow-editor so-widget-sow-editor-base\"\n\t\t\t\n\t\t>\n<div class=\"siteorigin-widget-tinymce textwidget\">\n\t<h3>Theses<\/h3><form method=\"get\" action=\"\"><label for=\"pg_anio_tesis\">A\u00f1o <\/label>\r\n        <select name=\"pg_anio_tesis\" onchange=\"this.form.submit()\"><option value=\"\" selected>All years<\/option><option value=\"2026\" >2026<\/option><option value=\"2025\" >2025<\/option><option value=\"2024\" >2024<\/option><option value=\"2023\" >2023<\/option><option value=\"2022\" >2022<\/option><option value=\"2021\" >2021<\/option><option value=\"2020\" >2020<\/option><option value=\"2019\" >2019<\/option><option value=\"2018\" >2018<\/option><option value=\"2017\" >2017<\/option><option value=\"2016\" >2016<\/option><option value=\"2015\" >2015<\/option><option value=\"2014\" >2014<\/option><option value=\"2013\" >2013<\/option><option value=\"2012\" >2012<\/option><option value=\"2011\" >2011<\/option><option value=\"2010\" >2010<\/option><option value=\"2009\" >2009<\/option><option value=\"2008\" >2008<\/option><option value=\"2007\" >2007<\/option><option value=\"2006\" >2006<\/option><option value=\"2005\" >2005<\/option><option value=\"2004\" >2004<\/option><option value=\"2003\" >2003<\/option><option value=\"2002\" >2002<\/option><option value=\"2001\" >2001<\/option><option value=\"2000\" >2000<\/option><\/select><input type=\"hidden\" name=\"trp-form-language\" value=\"es\"\/><\/form><br><p class=\"contador\">Total theses: <strong>16<\/strong><\/p><table class=\"pg-tabla\"><thead><tr><th>Date<\/th><th>T\u00edtulo<\/th><th>Director\/s<\/th><th>University of defense<\/th><th>Student<\/th><th>Grading<\/th><\/tr><\/thead><tbody><tr><td><span>27\/04\/2025<\/span><\/td><td><span>Propuesta de un modelo de gamificaci\u00f3n para entornos virtuales de ense\u00f1anza y aprendizaje en Instituciones de Educaci\u00f3n Superior y su impacto en la presencia social, cognitiva y docente en dichos entornos<\/span><\/td><td><span>SANDRA SILVIA BALDASSARRI  <\/span><\/td><td><span>Universidad Nacional de La Plata, Argentina<\/span><\/td><td><span>Glenda Rosal\u00eda Vera Mora<\/span><\/td><td><span>10 &#8211; Sobresaliente<\/span><\/td><\/tr><tr><td><span>23\/03\/2025<\/span><\/td><td><span>Advances in Music Technology with Deep Learning: from Music Analysis to Production<\/span><\/td><td><span>JOS\u00c9 RAM\u00d3N BELTR\u00c1N BL\u00c1ZQUEZ<\/span><\/td><td><span>Universidad de Zaragoza<\/span><\/td><td><span>Hern\u00e1ndez Oliv\u00e1n, Carlos<\/span><\/td><td><span>Sobresaliente cum laude<\/span><\/td><\/tr><tr><td><span>17\/03\/2024<\/span><\/td><td><span>Desarrollo de un modelo de elicitaci\u00f3n de emociones a partir de las caracter\u00edsticas de la m\u00fasica. Generaci\u00f3n de un sistema recomendador<\/span><\/td><td><span>SANDRA SILVIA BALDASSARRI  <\/span><\/td><td><span>Universidad Nacional de La Plata, Argentina<\/span><\/td><td><span>Yesid Ospitia-Medina<\/span><\/td><td><span>10 &#8211; Sobresaliente <\/span><\/td><\/tr><tr><td><span>01\/12\/2023<\/span><\/td><td><span>Dise\u00f1o de sistemas adaptativos para el seguimiento de par\u00e1metros de bienestar y salud.<\/span><\/td><td><span>RAQUEL LACUESTA GILABERTE<\/span><\/td><td><span>Universidad de Zaragoza<\/span><\/td><td><span>Navarro Alam\u00e1n, Javier<\/span><\/td><td><span>Sobresaliente cum laude<\/span><\/td><\/tr><tr><td><span>26\/09\/2023<\/span><\/td><td><span>Modelado e implementaci\u00f3n de algoritmos inteligentes de an\u00e1lisis de opini\u00f3n<\/span><\/td><td><span>SANDRA SILVIA BALDASSARRI  <\/span><\/td><td><span>Universidad Nacional de La Plata, Argentina<\/span><\/td><td><span>Juan Pablo Tessore<\/span><\/td><td><span>10 &#8211; Sobresaliente <\/span><\/td><\/tr><tr><td><span>23\/03\/2023<\/span><\/td><td><span>A Geometric Deep Learning Approach to Sound Source Localization and Tracking.<\/span><\/td><td><span>JOS\u00c9 RAM\u00d3N BELTR\u00c1N BL\u00c1ZQUEZ<\/span><\/td><td><span>Universidad de Zaragoza<\/span><\/td><td><span>D\u00edaz-Guerra Aparicio, David<\/span><\/td><td><span>Sobresaliente cum laude<\/span><\/td><\/tr><tr><td><span>17\/12\/2021<\/span><\/td><td><span>Dise\u00f1o de un sistema ciberf\u00edsico aplicado al \u00e1mbito de la salud.<\/span><\/td><td><span>RAQUEL LACUESTA GILABERTE<\/span><\/td><td><span>Universidad de Zaragoza<\/span><\/td><td><span>Gonz\u00e1lez Landero, Franks Edison<\/span><\/td><td><span>Sobresaliente cum laude<\/span><\/td><\/tr><tr><td><span>12\/08\/2021<\/span><\/td><td><span>NIDABA: Plataforma Digital para Produ\u00e7\u00e3o de Recursos Educacionais Inclusivos Baseados em Mesa Tang\u00edvel <\/span><\/td><td><span>SANDRA SILVIA BALDASSARRI  <\/span><\/td><td><span>Universidade Federal do Rio Grande do Sul, Brazil <\/span><\/td><td><span>Evandro Preuss<\/span><\/td><td><span>Sobresaliente<\/span><\/td><\/tr><tr><td><span>20\/04\/2021<\/span><\/td><td><span>ABC-EBDI: A cognitive-affective framework to support the modeling of believable intelligent agents.<\/span><\/td><td><span>EVA M\u00d3NICA CEREZO BAGDASARI<\/span><\/td><td><span>Universidad de Zaragoza<\/span><\/td><td><span>S\u00e1nchez L\u00f3pez, Yanet<\/span><\/td><td><span>Sobresaliente<\/span><\/td><\/tr><tr><td><span>30\/06\/2019<\/span><\/td><td><span>Toolkits for the Development of Hybrid Games: from Tangible Tabletops to Interactive Spaces.<\/span><\/td><td><span>EVA M\u00d3NICA CEREZO BAGDASARI<\/span><\/td><td><span>Universidad de Zaragoza<\/span><\/td><td><span>Bonillo Fern\u00e1ndez, Clara<\/span><\/td><td><span>Sobresaliente cum laude<\/span><\/td><\/tr><tr><td><span>10\/07\/2017<\/span><\/td><td><span>Arquitecturas cognitivo-afectivas y agentes virtuales.<\/span><\/td><td><span>EVA M\u00d3NICA CEREZO BAGDASARI<\/span><\/td><td><span>Universidad de Zaragoza<\/span><\/td><td><span>P\u00e9rez Marco, Joaqu\u00edn<\/span><\/td><td><span>Sobresaliente cum laude<\/span><\/td><\/tr><tr><td><span>05\/07\/2012<\/span><\/td><td><span>An\u00e1lisis y s\u00edntesis de se\u00f1ales de audio mediante la Transformada Wavelet Continua y Compleja: El Algoritmo C.W.A.S<\/span><\/td><td><span>JOS\u00c9 RAM\u00d3N BELTR\u00c1N BL\u00c1ZQUEZ<\/span><\/td><td><span>Universidad de Zaragoza<\/span><\/td><td><span>Ponce de Le\u00f3n V\u00e1zquez, Jes\u00fas<\/span><\/td><td><span>Apto cum laude<\/span><\/td><\/tr><tr><td><span>26\/09\/2011<\/span><\/td><td><span>Visualizaci\u00f3n interactiva de entornos urbanos complejos: estructura de datos BqR-Tree y view culling sem\u00e1ntico<\/span><\/td><td><span>EVA M\u00d3NICA CEREZO BAGDASARI<\/span><\/td><td><span>Universidad de Zaragoza<\/span><\/td><td><span>Pina Mart\u00ednez, Jos\u00e9 Luis<\/span><\/td><td><span>Sobresaliente &quot;Cum Laude&quot;<\/span><\/td><\/tr><tr><td><span>03\/04\/2011<\/span><\/td><td><span>Design, Implementation and Evaluation of Tangible Interfaces for Children<\/span><\/td><td><span>SANDRA SILVIA BALDASSARRI  , EVA M\u00d3NICA CEREZO BAGDASARI<\/span><\/td><td><span>Universidad de Zaragoza<\/span><\/td><td><span>Marco Rubio, Javier<\/span><\/td><td><span>Sobresaliente &quot;Cum Laude&quot;<\/span><\/td><\/tr><tr><td><span>02\/12\/2010<\/span><\/td><td><span>Affective computing: emotional facial sensing and multimodal fusion.<\/span><\/td><td><span>SANDRA SILVIA BALDASSARRI  , EVA M\u00d3NICA CEREZO BAGDASARI<\/span><\/td><td><span>Universidad de Zaragoza<\/span><\/td><td><span>Hupont Torres, Isabelle Claude<\/span><\/td><td><span>Sobresaliente cum laude<\/span><\/td><\/tr><tr><td><span>20\/12\/2009<\/span><\/td><td><span>Contribuciones a la segmentaci\u00f3n de im\u00e1genes. Aplicaciones biom\u00e9dicas.<\/span><\/td><td><span>JOS\u00c9 RAM\u00d3N BELTR\u00c1N BL\u00c1ZQUEZ<\/span><\/td><td><span>Universidad de Zaragoza<\/span><\/td><td><span>Palacios Navarro, Guillermo<\/span><\/td><td><span>Sobresaliente &quot;Cum Laude&quot;<\/span><\/td><\/tr><\/tbody><\/table>\n<\/div>\n<\/div><\/div><\/div><\/div><\/div>","protected":false},"excerpt":{"rendered":"","protected":false},"author":1,"featured_media":0,"parent":0,"menu_order":0,"comment_status":"closed","ping_status":"closed","template":"","meta":{"footnotes":""},"class_list":["post-3771","page","type-page","status-publish"],"_links":{"self":[{"href":"https:\/\/wppruebas.i3a.es\/es\/wp-json\/wp\/v2\/pages\/3771","targetHints":{"allow":["GET"]}}],"collection":[{"href":"https:\/\/wppruebas.i3a.es\/es\/wp-json\/wp\/v2\/pages"}],"about":[{"href":"https:\/\/wppruebas.i3a.es\/es\/wp-json\/wp\/v2\/types\/page"}],"author":[{"embeddable":true,"href":"https:\/\/wppruebas.i3a.es\/es\/wp-json\/wp\/v2\/users\/1"}],"replies":[{"embeddable":true,"href":"https:\/\/wppruebas.i3a.es\/es\/wp-json\/wp\/v2\/comments?post=3771"}],"version-history":[{"count":3,"href":"https:\/\/wppruebas.i3a.es\/es\/wp-json\/wp\/v2\/pages\/3771\/revisions"}],"predecessor-version":[{"id":3800,"href":"https:\/\/wppruebas.i3a.es\/es\/wp-json\/wp\/v2\/pages\/3771\/revisions\/3800"}],"wp:attachment":[{"href":"https:\/\/wppruebas.i3a.es\/es\/wp-json\/wp\/v2\/media?parent=3771"}],"curies":[{"name":"wp","href":"https:\/\/api.w.org\/{rel}","templated":true}]}}