{"id":3748,"date":"2025-10-07T10:00:02","date_gmt":"2025-10-07T08:00:02","guid":{"rendered":"https:\/\/wppruebas.i3a.es\/?page_id=3748"},"modified":"2025-10-07T10:00:03","modified_gmt":"2025-10-07T08:00:03","slug":"chapters","status":"publish","type":"page","link":"https:\/\/wppruebas.i3a.es\/es\/chapters\/","title":{"rendered":"Cap\u00edtulos"},"content":{"rendered":"<div id=\"pl-gb3748-69ddd2bc50b31\"  class=\"panel-layout\" ><div id=\"pg-gb3748-69ddd2bc50b31-0\"  class=\"panel-grid panel-has-style\" ><div class=\"siteorigin-panels-stretch panel-row-style panel-row-style-for-gb3748-69ddd2bc50b31-0\" data-stretch-type=\"full-width-stretch\" ><div id=\"pgc-gb3748-69ddd2bc50b31-0-0\"  class=\"panel-grid-cell\" ><div id=\"panel-gb3748-69ddd2bc50b31-0-0-0\" class=\"so-panel widget widget_sow-hero panel-first-child panel-last-child\" data-index=\"0\" ><div\n\t\t\t\n\t\t\tclass=\"so-widget-sow-hero so-widget-sow-hero-default-7a011a7c0fd5-3748 so-widget-fittext-wrapper\"\n\t\t\t data-fit-text-compressor=\"0.85\"\n\t\t>\t\t\t\t<div class=\"sow-slider-base\" style=\"display: none\" tabindex=\"0\">\n\t\t\t\t\t<ul\n\t\t\t\t\tclass=\"sow-slider-images\"\n\t\t\t\t\tdata-settings=\"{&quot;pagination&quot;:true,&quot;speed&quot;:400,&quot;timeout&quot;:8000,&quot;paused&quot;:false,&quot;pause_on_hover&quot;:false,&quot;swipe&quot;:true,&quot;nav_always_show_desktop&quot;:&quot;&quot;,&quot;nav_always_show_mobile&quot;:&quot;&quot;,&quot;breakpoint&quot;:&quot;780px&quot;,&quot;unmute&quot;:false,&quot;anchor&quot;:null}\"\n\t\t\t\t\t\t\t\t\t\tdata-anchor-id=\"\"\n\t\t\t\t>\t\t<li class=\"sow-slider-image\" style=\"visibility: visible;;background-color: #1e73be\" >\n\t\t\t\t\t<div class=\"sow-slider-image-container\">\n\t\t\t<div class=\"sow-slider-image-wrapper\">\n\t\t\t\t<h1 style=\"text-align: center\"><strong>Cap\u00edtulos<\/strong><\/h1>\t\t\t<\/div>\n\t\t<\/div>\n\t\t\t\t<\/li>\n\t\t<\/ul>\t\t\t\t<ol class=\"sow-slider-pagination\">\n\t\t\t\t\t\t\t\t\t\t\t<li><a href=\"#\" data-goto=\"0\" aria-label=\"mostrar diapositiva 1\"><\/a><\/li>\n\t\t\t\t\t\t\t\t\t<\/ol>\n\n\t\t\t\t<div class=\"sow-slide-nav sow-slide-nav-next\">\n\t\t\t\t\t<a href=\"#\" data-goto=\"next\" aria-label=\"diapositiva siguiente\" data-action=\"next\">\n\t\t\t\t\t\t<em class=\"sow-sld-icon-thin-right\"><\/em>\n\t\t\t\t\t<\/a>\n\t\t\t\t<\/div>\n\n\t\t\t\t<div class=\"sow-slide-nav sow-slide-nav-prev\">\n\t\t\t\t\t<a href=\"#\" data-goto=\"previous\" aria-label=\"diapositiva anterior\" data-action=\"prev\">\n\t\t\t\t\t\t<em class=\"sow-sld-icon-thin-left\"><\/em>\n\t\t\t\t\t<\/a>\n\t\t\t\t<\/div>\n\t\t\t\t<\/div><\/div><\/div><\/div><\/div><\/div><div id=\"pg-gb3748-69ddd2bc50b31-1\"  class=\"panel-grid panel-no-style\" ><div id=\"pgc-gb3748-69ddd2bc50b31-1-0\"  class=\"panel-grid-cell\" ><div id=\"panel-gb3748-69ddd2bc50b31-1-0-0\" class=\"so-panel widget widget_sow-editor panel-first-child panel-last-child\" data-index=\"1\" ><div\n\t\t\t\n\t\t\tclass=\"so-widget-sow-editor so-widget-sow-editor-base\"\n\t\t\t\n\t\t>\n<div class=\"siteorigin-widget-tinymce textwidget\">\n\t<form method=\"get\" action=\"\"><label for=\"pg_anio_cap\">A\u00f1o <\/label>\r\n        <select name=\"pg_anio_cap\" onchange=\"this.form.submit()\"><option value=\"\" selected>All years<\/option><option value=\"2026\" >2026<\/option><option value=\"2025\" >2025<\/option><option value=\"2024\" >2024<\/option><option value=\"2023\" >2023<\/option><option value=\"2022\" >2022<\/option><option value=\"2021\" >2021<\/option><option value=\"2020\" >2020<\/option><option value=\"2019\" >2019<\/option><option value=\"2018\" >2018<\/option><option value=\"2017\" >2017<\/option><option value=\"2016\" >2016<\/option><option value=\"2015\" >2015<\/option><option value=\"2014\" >2014<\/option><option value=\"2013\" >2013<\/option><option value=\"2012\" >2012<\/option><option value=\"2011\" >2011<\/option><option value=\"2010\" >2010<\/option><option value=\"2009\" >2009<\/option><option value=\"2008\" >2008<\/option><option value=\"2007\" >2007<\/option><option value=\"2006\" >2006<\/option><option value=\"2005\" >2005<\/option><option value=\"2004\" >2004<\/option><option value=\"2003\" >2003<\/option><option value=\"2002\" >2002<\/option><option value=\"2001\" >2001<\/option><option value=\"2000\" >2000<\/option><\/select><input type=\"hidden\" name=\"trp-form-language\" value=\"es\"\/><\/form><br><p class=\"contador\">Total chapters: <strong>20<\/strong><\/p><table class=\"pg-tabla\"><thead><tr><th>A\u00f1o<\/th><th>T\u00edtulo<\/th><th>T\u00edtulo de libro<\/th><th>Autores<\/th><th>ISBN<\/th><\/tr><\/thead><tbody><tr><td class=\"\"><span>2023<\/span><\/td><td class=\"\"><span>Music Composition with Deep Learning: A Review<\/span><\/td><td class=\"\"><span>Advances in Speech and Music Technology<\/span><\/td><td class=\"\"><span>Hern\u00e1ndez Oliv\u00e1n, Carlos; Beltr\u00e1n Belbla, Jos\u00e9 Ram\u00f3n<\/span><\/td><td class=\"col-una-linea\"><span>978-3-031-18444-4<\/span><\/td><\/tr><tr><td class=\"\"><span>2022<\/span><\/td><td class=\"\"><span>Music Recommender Systems: A Review Centered on Biases<\/span><\/td><td class=\"\"><span>Advances in Speech and Music Technology. Computational Aspects and Applications<\/span><\/td><td class=\"\"><span>Beltr\u00e1n Bl\u00e1zquez, Jos\u00e9 Ram\u00f3n; Ospitia-Medina, Yesid;Baldassarri, Sandra;Sanz, Cecilia<\/span><\/td><td class=\"col-una-linea\"><span>978-3-031-18443-7<\/span><\/td><\/tr><tr><td class=\"\"><span>2021<\/span><\/td><td class=\"\"><span>La tecnolog\u00eda como recurso para el desarrollo de habilidades sociales en ni\u00f1os con TEA<\/span><\/td><td class=\"\"><span>Inclusi\u00f3n educativa y tecnolog\u00edas para el aprendizaje<\/span><\/td><td class=\"\"><span>Sergio Cored Bandr\u00e9s, Sandra V\u00e1zquez Toledo, Sandra Baldassari<\/span><\/td><td class=\"col-una-linea\"><span>9788418615764<\/span><\/td><\/tr><tr><td class=\"\"><span>2020<\/span><\/td><td class=\"\"><span>Eva y las sorpresas de la vida<\/span><\/td><td class=\"\"><span>10001 amigas ingenieras: descubre a 17 ingenieras y div\u00e9rtete con sus experimentos<\/span><\/td><td class=\"\"><span>Eva Cerezo Bagdassarian.<\/span><\/td><td class=\"col-una-linea\"><span>9788413402345<\/span><\/td><\/tr><tr><td class=\"\"><span>2020<\/span><\/td><td class=\"\"><span>Sandra, la viajera<\/span><\/td><td class=\"\"><span>10001 amigas ingenieras: descubre a 17 ingenieras y div\u00e9rtete con sus experimentos<\/span><\/td><td class=\"\"><span>Sandra Baldassarri.<\/span><\/td><td class=\"col-una-linea\"><span>9788413402345<\/span><\/td><\/tr><tr><td class=\"\"><span>2020<\/span><\/td><td class=\"\"><span>Acoustic Room Impulse Response Simulation with GPUs<\/span><\/td><td class=\"\"><span>Advances in Signal Processing and Artificial Intelligence, Proceedings of the 2nd ASPAI&#039; 2020 Conference<\/span><\/td><td class=\"\"><span>D\u00edaz-Guerra Aparicio, David<\/span><\/td><td class=\"col-una-linea\"><span>978-84-09-21931-5<\/span><\/td><\/tr><tr><td class=\"\"><span>2019<\/span><\/td><td class=\"\"><span>Sonificaci\u00f3n de las torres mud\u00e9jares de Arag\u00f3n: de la arquitectura a la m\u00fasica<\/span><\/td><td class=\"\"><span>Re-Visiones sobre Arte, patrimonio y tecnolog\u00eda en la era digital<\/span><\/td><td class=\"\"><span>Jos\u00e9 Ram\u00f3n Beltr\u00e1n Bl\u00e1zquez, Miguel \u00c1ngel Varona Badorrey, Sergio Lasu\u00e9n Hern\u00e1ndez.<\/span><\/td><td class=\"col-una-linea\"><span>9788483804117<\/span><\/td><\/tr><tr><td class=\"\"><span>2018<\/span><\/td><td class=\"\"><span>Complex Wavelet Additive Synthesis of Audio Signals: Introduction and Applications<\/span><\/td><td class=\"\"><span>Advances in Signal Processing: Reviews&#039;,  Vol. 1, Book Series<\/span><\/td><td class=\"\"><span>Beltr\u00e1n Bl\u00e1zquez, Jos\u00e9 Ram\u00f3n; Ponce de Le\u00f3n V\u00e1zquez, Jes\u00fas<\/span><\/td><td class=\"col-una-linea\"><span>978-84-09-04329-3<\/span><\/td><\/tr><tr><td class=\"\"><span>2017<\/span><\/td><td class=\"\"><span>Immertable: a configurable and customizable tangible tabletop for audiovisual and musical control<\/span><\/td><td class=\"\"><span>Interacci\u00f3n &#039;17 Proceedings of the XVIII International Conference on Human Computer Interaction<\/span><\/td><td class=\"\"><span>Baldasarri, Sandra; Cerezo, Eva; Beltr\u00e1n Bl\u00e1zquez, Jos\u00e9 Ram\u00f3n<\/span><\/td><td class=\"col-una-linea\"><span>978-1-4503-5229-1<\/span><\/td><\/tr><tr><td class=\"\"><span>2015<\/span><\/td><td class=\"\"><span>IPODISG &#8211; Red de colaboraci\u00f3n de Inform\u00e1tica y Dise\u00f1o Gr\u00e1fico<\/span><\/td><td class=\"\"><span>La Innovaci\u00f3n docente a trav\u00e9s de la cooperaci\u00f3n universitaria<\/span><\/td><td class=\"\"><span>Biedermann, A., Latorre Andr\u00e9s, P.M., Cerezo Bagdasari, E., Baldassarri, S.<\/span><\/td><td class=\"col-una-linea\"><span>9788460695844<\/span><\/td><\/tr><tr><td class=\"\"><span>2015<\/span><\/td><td class=\"\"><span>La evaluaci\u00f3n como un elemento para la supervisi\u00f3n y mejora del aprendizaje en el marco de una experiencia de trabajo en equipo<\/span><\/td><td class=\"\"><span>La Innovaci\u00f3n docente a trav\u00e9s de la cooperaci\u00f3n universitaria<\/span><\/td><td class=\"\"><span>Aguelo Arguis, A. ; Baldassarri, S. ; Coma Rosell\u00f3, T. ; Cerezo Bagdasari, E.<\/span><\/td><td class=\"col-una-linea\"><span>9788460695844<\/span><\/td><\/tr><tr><td class=\"\"><span>2015<\/span><\/td><td class=\"\"><span>An ICT experience in Computer Women Role promotion: Wikinform\u00e1ticA! in Arag\u00f3n<\/span><\/td><td class=\"\"><span>Proceedings of the XVI International Conference on Human Computer Interaction, ACM International Conference Proceeding Series<\/span><\/td><td class=\"\"><span>Lozano Albalate, Mar\u00eda Teresa; Trillo Lado, Raquel; Villarroya Gaud\u00f3, Mar\u00eda; Allueva Pinilla, Ana; Cerezo, Eva<\/span><\/td><td class=\"col-una-linea\"><span>978-1-4503-3463-1<\/span><\/td><\/tr><tr><td class=\"\"><span>2015<\/span><\/td><td class=\"\"><span>IPODISG- Red de colaboraci\u00f3n de Inform\u00e1tica y Dise\u00f1o Gr\u00e1fico<\/span><\/td><td class=\"\"><span>Innovaci\u00f3n docente a trav\u00e9s de la cooperaci\u00f3n universitaria<\/span><\/td><td class=\"\"><span>Biedermann  , Anna Mar\u00eda; Latorre Andres P.M; Cerezo Bagdasari; Baldassarri<\/span><\/td><td class=\"col-una-linea\"><span>978-84-606-9584-4<\/span><\/td><\/tr><tr><td class=\"\"><span>2015<\/span><\/td><td class=\"\"><span>FROM CO-WORKING TO MULTIDISCIPLINARY GROUP DYNAMICS IN AN INTERFACE DESIGN EXPERIENCE<\/span><\/td><td class=\"\"><span>XXV International Conference on Graphics Engineering &quot;New Horizons in Graphics Engineering&quot;: Proceedings of the XXV International Conference on Graphics Engineering: June 17th-19th Donostia-San Sebasti\u00e1n 2015<\/span><\/td><td class=\"\"><span>Biedermann  , Anna Mar\u00eda, PEDRO LATORRE, SANDRA BALDASSARRI;EVA CEREZO; TERESA COMA; ANTONIO AGUELO;MIGUEL LAGUENS <\/span><\/td><td class=\"col-una-linea\"><span>978-84-8081-464-5<\/span><\/td><\/tr><tr><td class=\"\"><span>2015<\/span><\/td><td class=\"\"><span>La evaluaci\u00f3n como un elemento para la supervisi\u00f3n y mejora del aprendizaje en el marco de una experiencia de trabajo en equipo<\/span><\/td><td class=\"\"><span>La Innovaci\u00f3n Docente a trav\u00e9s de la Cooperaci\u00f3n Universitaria<\/span><\/td><td class=\"\"><span>Aguelo Arguis, A.; Baldassarri, S.; Coma Rosell\u00f3, T.,; Cerezo Bagdasari, E<\/span><\/td><td class=\"col-una-linea\"><span>9788460695844<\/span><\/td><\/tr><tr><td class=\"\"><span>2011<\/span><\/td><td class=\"\"><span>Multiresolution Approaches for Edge Detection and Classification Based on Discrete Wavelet Transform<\/span><\/td><td class=\"\"><span>Discrete Wavelet Transforms &#8211; Algorithms and Applications<\/span><\/td><td class=\"\"><span>Jos\u00e9 Ram\u00f3n Beltr\u00e1n; Raquel Lacuesta<\/span><\/td><td class=\"col-una-linea\"><span>978-953-307-4<\/span><\/td><\/tr><tr><td class=\"\"><span>2010<\/span><\/td><td class=\"\"><span>Sistema de sonificaci\u00f3n del arte mud\u00e9jar mediante composici\u00f3n autom\u00e1tica basada en la simetr\u00eda en el plano<\/span><\/td><td class=\"\"><span>Mud\u00e9jar- El legado andalus\u00ed en la cultura espa\u00f1ola: [Exposici\u00f3n] Paraninfo de la Universidad de Zaragoza del 6 de octubre de 2010 al 9 de enero de 2011<\/span><\/td><td class=\"\"><span>Jos\u00e9 Ram\u00f3n Beltran Bl\u00e1zquez, Miguel \u00c1ngel Varona Badorrey y Sergio Lasu\u00e9n Hern\u00e1ndez.<\/span><\/td><td class=\"col-una-linea\"><span>9788492522262<\/span><\/td><\/tr><tr><td class=\"\"><span>2009<\/span><\/td><td class=\"\"><span>An automatic rule-based translation system to Spanish Sign Language (LSE)<\/span><\/td><td class=\"\"><span>New trends on human-computer interaction: research, development, new tools and methods<\/span><\/td><td class=\"\"><span>Sandra Baldassarri and Francisco Royo-Santas.<\/span><\/td><td class=\"col-una-linea\"><span>9781848823518<\/span><\/td><\/tr><tr><td class=\"\"><span>2009<\/span><\/td><td class=\"\"><span>Emotional speech synthesis in Spanish for natural interaction<\/span><\/td><td class=\"\"><span>New trends on human-computer interaction: research, development, new tools and methods<\/span><\/td><td class=\"\"><span>Sandra Baldassarri, Eva Cerezo, and David Anaya.<\/span><\/td><td class=\"col-una-linea\"><span>9781848823518<\/span><\/td><\/tr><tr><td class=\"\"><span>2008<\/span><\/td><td class=\"\"><span>An\u00e1lisis de la situaci\u00f3n de la mujer en los estudios t\u00e9cnicos de la Universidad de Zaragoza<\/span><\/td><td class=\"\"><span>Estudios iberoamericanos de g\u00e9nero en ciencia, tecnolog\u00eda y salud<\/span><\/td><td class=\"\"><span>Sandra Baldassarri, Eva Cerezo y Pilar Molina.<\/span><\/td><td class=\"col-una-linea\"><span>9788477339717<\/span><\/td><\/tr><\/tbody><\/table>\n<\/div>\n<\/div><\/div><\/div><\/div><\/div>","protected":false},"excerpt":{"rendered":"","protected":false},"author":1,"featured_media":0,"parent":0,"menu_order":0,"comment_status":"closed","ping_status":"closed","template":"","meta":{"footnotes":""},"class_list":["post-3748","page","type-page","status-publish"],"_links":{"self":[{"href":"https:\/\/wppruebas.i3a.es\/es\/wp-json\/wp\/v2\/pages\/3748","targetHints":{"allow":["GET"]}}],"collection":[{"href":"https:\/\/wppruebas.i3a.es\/es\/wp-json\/wp\/v2\/pages"}],"about":[{"href":"https:\/\/wppruebas.i3a.es\/es\/wp-json\/wp\/v2\/types\/page"}],"author":[{"embeddable":true,"href":"https:\/\/wppruebas.i3a.es\/es\/wp-json\/wp\/v2\/users\/1"}],"replies":[{"embeddable":true,"href":"https:\/\/wppruebas.i3a.es\/es\/wp-json\/wp\/v2\/comments?post=3748"}],"version-history":[{"count":2,"href":"https:\/\/wppruebas.i3a.es\/es\/wp-json\/wp\/v2\/pages\/3748\/revisions"}],"predecessor-version":[{"id":3750,"href":"https:\/\/wppruebas.i3a.es\/es\/wp-json\/wp\/v2\/pages\/3748\/revisions\/3750"}],"wp:attachment":[{"href":"https:\/\/wppruebas.i3a.es\/es\/wp-json\/wp\/v2\/media?parent=3748"}],"curies":[{"name":"wp","href":"https:\/\/api.w.org\/{rel}","templated":true}]}}