{"id":3710,"date":"2025-06-04T10:34:12","date_gmt":"2025-06-04T08:34:12","guid":{"rendered":"https:\/\/wppruebas.i3a.es\/?page_id=3710"},"modified":"2025-11-27T10:03:33","modified_gmt":"2025-11-27T08:03:33","slug":"projects","status":"publish","type":"page","link":"https:\/\/wppruebas.i3a.es\/es\/projects\/","title":{"rendered":"Proyectos"},"content":{"rendered":"<div id=\"pl-gb3710-6a008a6f6df10\"  class=\"panel-layout\" ><div id=\"pg-gb3710-6a008a6f6df10-0\"  class=\"panel-grid panel-has-style\" ><div class=\"siteorigin-panels-stretch panel-row-style panel-row-style-for-gb3710-6a008a6f6df10-0\" data-stretch-type=\"full-width-stretch\" ><div id=\"pgc-gb3710-6a008a6f6df10-0-0\"  class=\"panel-grid-cell\" ><div id=\"panel-gb3710-6a008a6f6df10-0-0-0\" class=\"so-panel widget widget_sow-hero panel-first-child panel-last-child\" data-index=\"0\" ><div\n\t\t\t\n\t\t\tclass=\"so-widget-sow-hero so-widget-sow-hero-default-7a011a7c0fd5-3710 so-widget-fittext-wrapper\"\n\t\t\t data-fit-text-compressor=\"0.85\"\n\t\t>\t\t\t\t<div class=\"sow-slider-base\" style=\"display: none\" tabindex=\"0\">\n\t\t\t\t\t<ul\n\t\t\t\t\tclass=\"sow-slider-images\"\n\t\t\t\t\tdata-settings=\"{&quot;pagination&quot;:true,&quot;speed&quot;:400,&quot;timeout&quot;:8000,&quot;paused&quot;:false,&quot;pause_on_hover&quot;:false,&quot;swipe&quot;:true,&quot;nav_always_show_desktop&quot;:&quot;&quot;,&quot;nav_always_show_mobile&quot;:&quot;&quot;,&quot;breakpoint&quot;:&quot;780px&quot;,&quot;unmute&quot;:false,&quot;anchor&quot;:null}\"\n\t\t\t\t\t\t\t\t\t\tdata-anchor-id=\"\"\n\t\t\t\t>\t\t<li class=\"sow-slider-image\" style=\"visibility: visible;;background-color: #1e73be\" >\n\t\t\t\t\t<div class=\"sow-slider-image-container\">\n\t\t\t<div class=\"sow-slider-image-wrapper\">\n\t\t\t\t<h1 style=\"text-align: center\"><strong>Proyectos<\/strong><\/h1>\t\t\t<\/div>\n\t\t<\/div>\n\t\t\t\t<\/li>\n\t\t<\/ul>\t\t\t\t<ol class=\"sow-slider-pagination\">\n\t\t\t\t\t\t\t\t\t\t\t<li><a href=\"#\" data-goto=\"0\" aria-label=\"mostrar diapositiva 1\"><\/a><\/li>\n\t\t\t\t\t\t\t\t\t<\/ol>\n\n\t\t\t\t<div class=\"sow-slide-nav sow-slide-nav-next\">\n\t\t\t\t\t<a href=\"#\" data-goto=\"next\" aria-label=\"diapositiva siguiente\" data-action=\"next\">\n\t\t\t\t\t\t<em class=\"sow-sld-icon-thin-right\"><\/em>\n\t\t\t\t\t<\/a>\n\t\t\t\t<\/div>\n\n\t\t\t\t<div class=\"sow-slide-nav sow-slide-nav-prev\">\n\t\t\t\t\t<a href=\"#\" data-goto=\"previous\" aria-label=\"diapositiva anterior\" data-action=\"prev\">\n\t\t\t\t\t\t<em class=\"sow-sld-icon-thin-left\"><\/em>\n\t\t\t\t\t<\/a>\n\t\t\t\t<\/div>\n\t\t\t\t<\/div><\/div><\/div><\/div><\/div><\/div><div id=\"pg-gb3710-6a008a6f6df10-1\"  class=\"panel-grid panel-no-style\" ><div id=\"pgc-gb3710-6a008a6f6df10-1-0\"  class=\"panel-grid-cell\" ><div id=\"panel-gb3710-6a008a6f6df10-1-0-0\" class=\"so-panel widget widget_sow-editor panel-first-child\" data-index=\"1\" ><div\n\t\t\t\n\t\t\tclass=\"so-widget-sow-editor so-widget-sow-editor-base\"\n\t\t\t\n\t\t>\n<div class=\"siteorigin-widget-tinymce textwidget\">\n\t<p><em><strong>Active and most recent<\/strong> projects according to their end date are shown in <strong>bold<\/strong>.<\/em><\/p>\n<\/div>\n<\/div><\/div><div id=\"panel-gb3710-6a008a6f6df10-1-0-1\" class=\"so-panel widget widget_sow-editor panel-last-child\" data-index=\"2\" ><div\n\t\t\t\n\t\t\tclass=\"so-widget-sow-editor so-widget-sow-editor-base\"\n\t\t\t\n\t\t>\n<div class=\"siteorigin-widget-tinymce textwidget\">\n\t<p class=\"contador\">N\u00ba de proyectos <strong> 19<\/strong><\/p><table class=\"pg-tabla\"><thead><tr><th>Fecha inicio<\/th><th>Fecha fin<\/th><th>T\u00edtulo<\/th><th>\u00c1mbito<\/th><th>Referencia<\/th><th>IP(s)<\/th><th>Entidad financiadora<\/th><\/tr><\/thead><tbody><tr class=\"pg-activo\"><td><span>09\/01\/2023<\/span><\/td><td><span>31\/08\/2026<\/span><\/td><td><a href=\"https:\/\/wppruebas.i3a.es\/es\/pid2022-136779ob-c31\/\" class=\"pg-fila-enlace\">PID2022-136779OB-C31: Experiencias L\u00fadicas con Agentes Sociales Interactivos y Robots (PLEISAR-Inter): Aspectos de interacci\u00f3n e intergeneracionales.<\/a><\/td><td><span>Nacional<\/span><\/td><td><span>PID2022-136779OB-C31<\/span><\/td><td><span>EVA M\u00d3NICA CEREZO BAGDASARI, RAQUEL LACUESTA GILABERTE<\/span><\/td><td><span>AGENCIA ESTATAL DE INVESTIGACI\u00d3N, UNION EUROPEA<\/span><\/td><\/tr><tr class=\"pg-activo\"><td><span>01\/01\/2023<\/span><\/td><td><span>31\/12\/2025<\/span><\/td><td><a href=\"https:\/\/wppruebas.i3a.es\/es\/t6023r\/\" class=\"pg-fila-enlace\">T60_23R: Grupo de Investigaci\u00f3n  en Interfaces Avanzadas (AffectiveLab)<\/a><\/td><td><span>Auton\u00f3mico<\/span><\/td><td><span>T60_23R<\/span><\/td><td><span>EVA M\u00d3NICA CEREZO BAGDASARI<\/span><\/td><td><span>GOBIERNO DE ARAG\u00d3N<\/span><\/td><\/tr><tr class=\"pg-activo\"><td><span>12\/01\/2022<\/span><\/td><td><span>30\/09\/2025<\/span><\/td><td><a href=\"https:\/\/wppruebas.i3a.es\/es\/ted2021-130374b-c22\/\" class=\"pg-fila-enlace\">TED2021-130374B-C22: Ecosistema tecnol\u00f3gico para el reconocimiento del estado de \u00e1nimo de los pacientes durante el proceso de rehabilitaci\u00f3n cardiaca<\/a><\/td><td><span>Nacional<\/span><\/td><td><span>TED2021-130374B-C22<\/span><\/td><td><span>SANDRA SILVIA BALDASSARRI<\/span><\/td><td><span>AGENCIA ESTATAL DE INVESTIGACI\u00d3N<\/span><\/td><\/tr><tr class=\"\"><td><span>03\/08\/2022<\/span><\/td><td><span>03\/07\/2023<\/span><\/td><td><span>XXII Congreso Internacional de Interacci\u00f3n Persona-Ordenador (INTERACCI\u00d3N 2022)<\/span><\/td><td><span>Propia<\/span><\/td><td><span>287334<\/span><\/td><td><span>JES\u00daS GALLARDO CASERO<\/span><\/td><td><span>UNIVERSIDAD DE ZARAGOZA<\/span><\/td><\/tr><tr class=\"\"><td><span>01\/01\/2019<\/span><\/td><td><span>30\/09\/2022<\/span><\/td><td><span>RTI2018-096986-B-C31: EXPERIENCIAS DE JUEGO PERVASIVAS PARA TODOS<\/span><\/td><td><span>Nacional<\/span><\/td><td><span>RTI2018-096986-B-C31<\/span><\/td><td><span>EVA M\u00d3NICA CEREZO BAGDASARI, SANDRA SILVIA BALDASSARRI<\/span><\/td><td><span>AGENCIA ESTATAL DE INVESTIGACI\u00d3N, FONDOS FEDER<\/span><\/td><\/tr><tr class=\"\"><td><span>23\/03\/2021<\/span><\/td><td><span>22\/03\/2022<\/span><\/td><td><span>Iberus Talent (H2020-G.A. number 801586)-Dotaci\u00f3n Nivedita\nL\u00ednea Salud3. Intergenerational videogames<\/span><\/td><td><span>Europeo<\/span><\/td><td><span>I-2018\/030\/10<\/span><\/td><td><span>EVA M\u00d3NICA CEREZO BAGDASARI<\/span><\/td><td><span>UNION EUROPEA<\/span><\/td><\/tr><tr class=\"\"><td><span>01\/01\/2021<\/span><\/td><td><span>31\/12\/2021<\/span><\/td><td><span>JIUZ-2020-TEC-04: Desarrollo de un marco integrado de evaluaci\u00f3n de juegos pervasivos: validaci\u00f3n y aplicaci\u00f3n a casos reales<\/span><\/td><td><span>Propia<\/span><\/td><td><span>JIUZ-2020-TEC-04<\/span><\/td><td><span>JES\u00daS GALLARDO CASERO<\/span><\/td><td><span>FUNDACI\u00d3N BANCARIA IBERCAJA<\/span><\/td><\/tr><tr class=\"\"><td><span>13\/01\/2020<\/span><\/td><td><span>07\/09\/2020<\/span><\/td><td><span>Iberus Talent (H2020-G.A.number 801586)-Dotaci\u00f3n Alvaro Felipe Bacca\nL\u00ednea Health 7<\/span><\/td><td><span><\/span><\/td><td><span>I-2018\/030\/5<\/span><\/td><td><span>EVA M\u00d3NICA CEREZO BAGDASARI<\/span><\/td><td><span>UNION EUROPEA<\/span><\/td><\/tr><tr class=\"\"><td><span>01\/01\/2016<\/span><\/td><td><span>31\/12\/2019<\/span><\/td><td><span>TIN2015-67149-C3-1-R: JUEGOS PERVASIVOS EN ESPACIOS INTERACTIVOS CON AGENTES VIRTUALES SOCIALES Y EMP\u00c1TICOS.<\/span><\/td><td><span>Nacional<\/span><\/td><td><span>TIN2015-67149-C3-1-R<\/span><\/td><td><span>EVA M\u00d3NICA CEREZO BAGDASARI<\/span><\/td><td><span>FONDOS FEDER, MINECO. MINISTERIO DE ECONOMIA Y COMPETITIVIDAD<\/span><\/td><\/tr><tr class=\"\"><td><span>01\/01\/2019<\/span><\/td><td><span>31\/12\/2019<\/span><\/td><td><span>DESARROLLO DE LOS JUEGOS PERVASIVOS PARA MEJORAR LA CALIDAD DE VIDA DE LOS MAYORES<\/span><\/td><td><span>Local<\/span><\/td><td><span>2018\/B003<\/span><\/td><td><span>JES\u00daS GALLARDO CASERO<\/span><\/td><td><span>FUNDACI\u00d3N UNIVERSITARIA ANTONIO GARGALLO<\/span><\/td><\/tr><tr class=\"\"><td><span>16\/02\/2015<\/span><\/td><td><span>16\/07\/2015<\/span><\/td><td><span>SLEEPING BABY PLAY<\/span><\/td><td><span>Local<\/span><\/td><td><span>2015\/0041<\/span><\/td><td><span>JOS\u00c9 RAM\u00d3N BELTR\u00c1N BL\u00c1ZQUEZ<\/span><\/td><td><span>GUTIERREZ FEMIA, JONATHAN<\/span><\/td><\/tr><tr class=\"\"><td><span>01\/01\/2013<\/span><\/td><td><span>31\/12\/2014<\/span><\/td><td><span>AMBER \/ AMerican Bridge for the Excellence in Research with Europe<\/span><\/td><td><span>Europeo<\/span><\/td><td><span>I-2013\/002<\/span><\/td><td><span>JOS\u00c9 RAM\u00d3N BELTR\u00c1N BL\u00c1ZQUEZ<\/span><\/td><td><span>UNION EUROPEA<\/span><\/td><\/tr><tr class=\"\"><td><span>14\/12\/2012<\/span><\/td><td><span>29\/12\/2013<\/span><\/td><td><span>42\/AC2: GIRL&#039;S DAY 2013 (V EDICI\u00d3N EN LA UNIVERSIDAD DE ZARAGOZA)<\/span><\/td><td><span>Nacional<\/span><\/td><td><span>42\/AC2<\/span><\/td><td><span>SANDRA SILVIA BALDASSARRI<\/span><\/td><td><span>INSTITUTO DE LA MUJER<\/span><\/td><\/tr><tr class=\"\"><td><span>01\/01\/2011<\/span><\/td><td><span>31\/12\/2011<\/span><\/td><td><span>UZ2010-TEC-02.  AVIM:  AGENTES VIRTUALES INTELIGENTES Y MULTIMODALES.<\/span><\/td><td><span>Propia<\/span><\/td><td><span>UZ2010-TEC-02<\/span><\/td><td><span>EVA M\u00d3NICA CEREZO BAGDASARI<\/span><\/td><td><span>VICERRECTORADO DE INVESTIGACI\u00d3N: APOYO<\/span><\/td><\/tr><tr class=\"\"><td><span>01\/01\/2010<\/span><\/td><td><span>31\/12\/2010<\/span><\/td><td><span>V.I. MOVILIDAD 2009 ESTANCIA EN DEPARTAMENTO DE INFORMATICA UNIVERSIDAD    NACIONAL DE LA PLATA EN ARGENTINA<\/span><\/td><td><span>Propia<\/span><\/td><td><span>287168<\/span><\/td><td><span>SANDRA SILVIA BALDASSARRI<\/span><\/td><td><span>VIC.INV.MOVILIDAD<\/span><\/td><\/tr><tr class=\"\"><td><span>01\/01\/2009<\/span><\/td><td><span>31\/03\/2010<\/span><\/td><td><span>VESTA- TECNOLOG\u00cdAS PARA UN ENTORNO DOM\u00d3TICO CENTRADO EN EL USUARIO<\/span><\/td><td><span>Nacional<\/span><\/td><td><span>TSI-020100-2009-828<\/span><\/td><td><span>EVA M\u00d3NICA CEREZO BAGDASARI<\/span><\/td><td><span>MINISTERIO DE INDUSTRIA, TURISMO Y COMERCIO<\/span><\/td><\/tr><tr class=\"\"><td><span>01\/01\/2008<\/span><\/td><td><span>31\/12\/2008<\/span><\/td><td><span>MUSEOS VIVOS. PARTICIPACION SOCIAL EN LA CONSTRUCCION COLECTIVA DEL        PATRIMONIO PIRENAICO<\/span><\/td><td><span><\/span><\/td><td><span>I-2007\/037<\/span><\/td><td><span>SANDRA SILVIA BALDASSARRI<\/span><\/td><td><span>GOBIERNO DE ARAG\u00d3N<\/span><\/td><\/tr><tr class=\"\"><td><span>13\/07\/2005<\/span><\/td><td><span>31\/12\/2005<\/span><\/td><td><span>INF2005-TEC-006. AMPLIACION DE LA CAVE Y MEJORA DE LA MESA 3D<\/span><\/td><td><span>Propia<\/span><\/td><td><span>INF2005-TEC-006<\/span><\/td><td><span>EVA M\u00d3NICA CEREZO BAGDASARI<\/span><\/td><td><span>VICERRECTORADO DE INVESTIGACI\u00d3N.- INFRAESTRUCTURA<\/span><\/td><\/tr><tr class=\"\"><td><span>01\/01\/2005<\/span><\/td><td><span>31\/12\/2005<\/span><\/td><td><span>VI INFRAESTRUCTURA 2004. INF2004-TEC-01.<\/span><\/td><td><span>Propia<\/span><\/td><td><span>INF2004-TEC-01<\/span><\/td><td><span>JOS\u00c9 RAM\u00d3N BELTR\u00c1N BL\u00c1ZQUEZ<\/span><\/td><td><span>VICERRECTORADO DE INVESTIGACI\u00d3N.- INFRAESTRUCTURA<\/span><\/td><\/tr><\/tbody><\/table>\n<\/div>\n<\/div><\/div><\/div><\/div><\/div>","protected":false},"excerpt":{"rendered":"<p>Active and most recent projects according to their end date are shown in bold.<\/p>","protected":false},"author":1,"featured_media":0,"parent":0,"menu_order":0,"comment_status":"closed","ping_status":"closed","template":"","meta":{"footnotes":""},"class_list":["post-3710","page","type-page","status-publish"],"_links":{"self":[{"href":"https:\/\/wppruebas.i3a.es\/es\/wp-json\/wp\/v2\/pages\/3710","targetHints":{"allow":["GET"]}}],"collection":[{"href":"https:\/\/wppruebas.i3a.es\/es\/wp-json\/wp\/v2\/pages"}],"about":[{"href":"https:\/\/wppruebas.i3a.es\/es\/wp-json\/wp\/v2\/types\/page"}],"author":[{"embeddable":true,"href":"https:\/\/wppruebas.i3a.es\/es\/wp-json\/wp\/v2\/users\/1"}],"replies":[{"embeddable":true,"href":"https:\/\/wppruebas.i3a.es\/es\/wp-json\/wp\/v2\/comments?post=3710"}],"version-history":[{"count":10,"href":"https:\/\/wppruebas.i3a.es\/es\/wp-json\/wp\/v2\/pages\/3710\/revisions"}],"predecessor-version":[{"id":3797,"href":"https:\/\/wppruebas.i3a.es\/es\/wp-json\/wp\/v2\/pages\/3710\/revisions\/3797"}],"wp:attachment":[{"href":"https:\/\/wppruebas.i3a.es\/es\/wp-json\/wp\/v2\/media?parent=3710"}],"curies":[{"name":"wp","href":"https:\/\/api.w.org\/{rel}","templated":true}]}}